{"id":16949,"date":"2024-11-27T11:47:32","date_gmt":"2024-11-27T09:47:32","guid":{"rendered":"https:\/\/www.latemarblick.com\/?page_id=16949"},"modified":"2024-11-28T10:42:52","modified_gmt":"2024-11-28T08:42:52","slug":"privacy","status":"publish","type":"page","link":"https:\/\/www.latemarblick.com\/de\/privacy\/","title":{"rendered":"Datenschutz"},"content":{"rendered":"<div data-elementor-type=\"wp-page\" data-elementor-id=\"16949\" class=\"elementor elementor-16949\">\n\t\t\t\t        <section class=\"elementor-section elementor-top-section elementor-element elementor-element-bc7b3d1 elementor-section-boxed elementor-section-height-default elementor-section-height-default pxl-section-static-pos-no pxl-section-overflow-hidden-no pxl-container-margin-auto-no\" data-id=\"bc7b3d1\" data-element_type=\"section\">\n\n                \n                <div class=\"elementor-container elementor-column-gap-default\">\n                <div class=\"elementor-column elementor-col-100 elementor-top-column elementor-element elementor-element-351f02e col-offset-none pxl-column-element-default pxl-column-overflow-hidden-no\" data-id=\"351f02e\" data-element_type=\"column\">\r\n        <div class=\"elementor-widget-wrap elementor-element-populated\">\r\n                    \t\t<div class=\"elementor-element elementor-element-ce50205 elementor-widget elementor-widget-html\" data-id=\"ce50205\" data-element_type=\"widget\" data-widget_type=\"html.default\">\n\t\t\t\t<div class=\"elementor-widget-container\">\n\t\t\t\t\t<h1 class=\"privacy-policy-h1\">Datenschutzbestimmungen\n\n<\/h1>\n\n<p class=\"privacy-policy-p\">\n    Diese Datenschutzrichtlinie beschreibt die Politik von\n\n    Latemarblick,\n    Careyya Stra\u00dfe 42B,\n    Bozen\n    39056,\n    Italien,\n    E-Mail: info@latemarblick.com,\n    Telefon: +393498240634\n\n    \u00fcber die Sammlung,\n    Verwendung und Weitergabe Ihrer Daten, die wir bei der\n    wenn Sie unsere Website ( https:\/\/www.latemarblick.com ) nutzen.\n    (der \"Dienst\"). Durch den Zugriff auf oder die Nutzung von\n    den\n    Dienstes stimmen Sie der Erfassung, Verwendung und Weitergabe\n    Offenlegung Ihrer Informationen in \u00dcbereinstimmung mit dieser\n    Datenschutzrichtlinie. Wenn Sie damit nicht einverstanden sind,\n    bitten wir Sie, den Dienst nicht zu nutzen.\n<\/p>\n\n<p class=\"privacy-policy-p\">\n    Wir k\u00f6nnen diese Datenschutzrichtlinie jederzeit ohne vorherige\n    ohne vorherige Ank\u00fcndigung \u00e4ndern und die \u00fcberarbeitete\n    Datenschutzrichtlinie auf dem Dienst ver\u00f6ffentlichen. Die \u00fcberarbeitete Richtlinie wird\n    180 Tage ab dem Zeitpunkt in Kraft, an dem die\n    ge\u00e4nderte Richtlinie im Dienst ver\u00f6ffentlicht wird, und Ihr\n    Ihr fortgesetzter Zugang oder Ihre Nutzung des Dienstes nach diesem Zeitpunkt\n    akzeptieren Sie die \u00fcberarbeitete Datenschutzrichtlinie.\n    Richtlinie. Wir empfehlen daher, dass Sie diese Seite in regelm\u00e4\u00dfigen Abst\u00e4nden\n    diese Seite zu \u00fcberpr\u00fcfen.\n<\/p>\n\n<ol class=\"privacy-policy-ol\">\n    \n    \n\n        <li>\n        <h2 class=\"privacy-policy-h2\">\n            Wie wir Ihre Informationen verwenden:\n        <\/h2>\n        <p class=\"privacy-policy-p\">\n            Wir verwenden die Informationen, die wir \u00fcber Sie sammeln\n            \u00fcber Sie f\u00fcr die folgenden Zwecke:\n        <\/p>\n        <ol class=\"privacy-policy-ol\">\n\n                        <li>Marketing\/Werbung<\/li>\n            \n            \n            \n            \n            \n            \n            \n                        <li>Informationen zur Verwaltung<\/li>\n            \n            \n            \n            \n            \n            \n            \n        <\/ol>\n        <p class=\"privacy-policy-p\">\n            Wenn wir Ihre Daten f\u00fcr einen anderen Zweck verwenden wollen\n            werden wir Sie um Ihr Einverst\u00e4ndnis bitten und\n            Ihre Informationen nur nach Erhalt Ihrer\n            und dann nur f\u00fcr den\/die Zweck(e), f\u00fcr den\/die\n            Zwecke verwenden, es sei denn, wir sind zu etwas\n            anderweitig gesetzlich verpflichtet.\n        <\/p>\n    <\/li>\n    \n    \n    <li>\n        <h2 class=\"privacy-policy-h2\">\n            Wie wir Ihre Informationen weitergeben:\n        <\/h2>\n\n\n                <p class=\"privacy-policy-p\">\n            Wir werden Ihre personenbezogenen Daten nicht\n            an Dritte weitergeben, ohne Ihre Zustimmung einzuholen,\n            au\u00dfer unter den nachfolgend beschriebenen begrenzten Umst\u00e4nden\n            unten beschrieben:\n        <\/p>\n        <ol class=\"privacy-policy-ol\">\n            \n            \n            \n            \n                        <li>Analytik<\/li>\n            \n            \n                    <\/ol>\n        \n        <p class=\"privacy-policy-p\">\n            Wir verlangen von diesen Dritten, dass sie die\n            personenbezogenen Daten, die wir an sie weitergeben, nur\n            f\u00fcr den Zweck, f\u00fcr den sie \u00fcbermittelt wurden, und\n            sie nicht l\u00e4nger aufzubewahren, als es f\u00fcr die Erf\u00fcllung\n            als f\u00fcr die Erf\u00fcllung des genannten Zwecks erforderlich ist.\n        <\/p>\n        <p class=\"privacy-policy-p\">\n            Wir k\u00f6nnen Ihre pers\u00f6nlichen Daten auch weitergeben\n            f\u00fcr die folgenden Zwecke: (1) zur Einhaltung von anwendbaren\n            Gesetzen, Vorschriften, Gerichtsbeschl\u00fcssen oder anderen\n            (2) um Ihre Vereinbarungen mit uns durchzusetzen,\n            einschlie\u00dflich dieser Datenschutzrichtlinie; oder (3) um auf\n            zu reagieren, dass Ihre Nutzung des Dienstes die Rechte\n            Rechte Dritter verletzt. Wenn der Dienst oder unser\n            Unternehmen mit einem anderen Unternehmen fusioniert oder erworben\n            Unternehmen fusioniert oder \u00fcbernommen wird, geh\u00f6ren Ihre Informationen zu den\n            Verm\u00f6genswerte, die auf den neuen Eigent\u00fcmer \u00fcbertragen werden.\n        <\/p>\n    <\/li>\n    \n\n    \n    <li>\n        <h2 class=\"privacy-policy-h2\">\n            Ihre Rechte:\n        <\/h2>\n        <p class=\"privacy-policy-p\">\n            Je nach geltendem Recht haben Sie unter Umst\u00e4nden\n            ein Recht auf Zugang und Berichtigung oder L\u00f6schung Ihrer\n            Daten zu erhalten oder eine Kopie Ihrer personenbezogenen\n            Daten, die Einschr\u00e4nkung oder den Widerspruch gegen die aktive\n            Verarbeitung Ihrer Daten einzuschr\u00e4nken oder zu widersprechen, die Weitergabe (Portierung)\n            Ihre pers\u00f6nlichen Daten an eine andere Stelle weiterzugeben,\n            die von Ihnen erteilte Zustimmung zur\n            Verarbeitung Ihrer Daten, das Recht, eine Beschwerde\n            bei einer gesetzlichen Beh\u00f6rde und andere Rechte\n            die nach geltendem Recht relevant sein k\u00f6nnen. Um\n            diese Rechte auszu\u00fcben, k\u00f6nnen Sie sich schriftlich an uns wenden unter\n            info@latemarblick.com.\n            Wir werden auf Ihre\n            Anfrage in \u00dcbereinstimmung mit dem geltenden Recht beantworten.\n        <\/p>\n\n                <p class=\"privacy-policy-p\">\n            Sie k\u00f6nnen sich gegen Direktmarketing\n            Kommunikation oder der Profilerstellung f\u00fcr Marketingzwecke\n            Marketingzwecken durchf\u00fchren, indem Sie uns schreiben an\n            info@latemarblick.com.\n        <\/p>\n        \n        <p class=\"privacy-policy-p\">\n            Bitte beachten Sie, dass wir, wenn Sie uns nicht erlauben, die\n            die erforderlichen personenbezogenen Daten zu erheben oder zu verarbeiten oder\n            die Zustimmung zur Verarbeitung f\u00fcr die erforderlichen\n            Zwecke zu verarbeiten, k\u00f6nnen Sie m\u00f6glicherweise nicht auf die\n            die Dienste, f\u00fcr die Ihre Informationen angefordert wurden\n            angefordert wurden.\n        <\/p>\n    <\/li>\n        <li>\n        <h2 class=\"privacy-policy-h2\">\n            Cookies etc.\n        <\/h2>\n        <p class=\"privacy-policy-p\">\n\n            \n            Um mehr dar\u00fcber zu erfahren, wie wir diese\n            und Ihre Wahlm\u00f6glichkeiten in Bezug auf diese Tracking\n            Technologien zu erfahren, lesen Sie bitte unsere\n            <a href=\"https:\/\/www.latemarblick.com\/de\/\">Cookie-Richtlinie.<\/a>\n        <\/p>\n    <\/li>\n    \n    <li>\n        <h2 class=\"privacy-policy-h2\">\n            Sicherheit:\n        <\/h2>\n        <p class=\"privacy-policy-p\">\n            Die Sicherheit Ihrer Daten ist f\u00fcr uns wichtig\n            und wir werden angemessene Sicherheitsma\u00dfnahmen ergreifen\n            um den Verlust, den Missbrauch oder die unbefugte\n            unbefugte \u00c4nderung Ihrer Daten unter unserer\n            Kontrolle. Angesichts der inh\u00e4renten Risiken k\u00f6nnen wir jedoch\n            keine absolute Sicherheit garantieren und\n            k\u00f6nnen wir die Sicherheit der von Ihnen \u00fcbermittelten\n            Sicherheit der von Ihnen an uns \u00fcbermittelten Informationen\n            und Sie tun dies auf eigenes Risiko.\n        <\/p>\n    <\/li>\n\n    \n    <li>\n        <h2 class=\"privacy-policy-h2\">\n            Beschwerde-\/Datenschutzbeauftragter:\n        <\/h2>\n        <p class=\"privacy-policy-p\">\n            Wenn Sie Fragen oder Bedenken haben bez\u00fcglich der\n            Verarbeitung Ihrer bei uns vorhandenen Informationen\n            haben, k\u00f6nnen Sie sich per E-Mail an unseren Beschwerdebeauftragten wenden\n            Latemarblick,\n            Via Careyya 42B,\n            E-Mail: info@latemarblick.com.\n            Wir werden Ihre Bedenken in \u00dcbereinstimmung mit dem geltenden Recht behandeln.\n        <\/p>\n    <\/li>\n<\/ol>\n<p class=\"privacy-policy-p\">\n    Datenschutzrichtlinie erstellt mit  <a target=\"_blank\" href=\"https:\/\/www.cookieyes.com\/?utm_source=PP&utm_medium=footer&utm_campaign=UW\">CookieYes<\/a>.\n<\/p>\t\t\t\t<\/div>\n\t\t\t\t<\/div>\n\t\t                    <\/div>\r\n        <\/div>\r\n        \t\t\t<\/div>\n\t\t<\/section>\n\t\t\t\t<\/div>","protected":false},"excerpt":{"rendered":"<p>Datenschutzerkl\u00e4rung Diese Datenschutzerkl\u00e4rung beschreibt die Politik von Latemarblick, Via Careyya 42B, Bolzano 39056, Italy, email: info@latemarblick.com, phone: +393498240634 \u00fcber die Erfassung, Verwendung und Offenlegung Ihrer Daten, die wir bei der Nutzung unserer Website ( https:\/\/www.latemarblick.com ) erfassen. (der \"Dienst\"). Indem Sie auf den Dienst zugreifen oder ihn nutzen, erkl\u00e4ren Sie sich mit der Erfassung, Nutzung [...]<\/p>","protected":false},"author":1,"featured_media":0,"parent":0,"menu_order":0,"comment_status":"closed","ping_status":"closed","template":"","meta":{"om_disable_all_campaigns":false,"_monsterinsights_skip_tracking":false,"_monsterinsights_sitenote_active":false,"_monsterinsights_sitenote_note":"","_monsterinsights_sitenote_category":0,"footnotes":""},"class_list":["post-16949","page","type-page","status-publish","hentry"],"aioseo_notices":[],"yoast_head":"<!-- This site is optimized with the Yoast SEO plugin v25.3.1 - https:\/\/yoast.com\/wordpress\/plugins\/seo\/ -->\n<title>Privacy - Appartment Latemarblick<\/title>\n<meta name=\"robots\" content=\"index, follow, max-snippet:-1, max-image-preview:large, max-video-preview:-1\" \/>\n<link rel=\"canonical\" href=\"https:\/\/www.latemarblick.com\/de\/privacy\/\" \/>\n<meta property=\"og:locale\" content=\"de_DE\" \/>\n<meta property=\"og:type\" content=\"article\" \/>\n<meta property=\"og:title\" content=\"Privacy - Appartment Latemarblick\" \/>\n<meta property=\"og:description\" content=\"Privacy Policy This Privacy Policy describes the policies of Latemarblick, Via Careyya 42B, Bolzano 39056, Italy, email: info@latemarblick.com, phone: +393498240634 on the collection, use and disclosure of your information that we collect when you use our website ( https:\/\/www.latemarblick.com ). (the \u201cService\u201d). By accessing or using the Service, you are consenting to the collection, use [&hellip;]\" \/>\n<meta property=\"og:url\" content=\"https:\/\/www.latemarblick.com\/de\/privacy\/\" \/>\n<meta property=\"og:site_name\" content=\"Appartment Latemarblick\" \/>\n<meta property=\"article:modified_time\" content=\"2024-11-28T08:42:52+00:00\" \/>\n<meta name=\"twitter:card\" content=\"summary_large_image\" \/>\n<meta name=\"twitter:label1\" content=\"Gesch\u00e4tzte Lesezeit\" \/>\n\t<meta name=\"twitter:data1\" content=\"4\u00a0Minuten\" \/>\n<script type=\"application\/ld+json\" class=\"yoast-schema-graph\">{\"@context\":\"https:\/\/schema.org\",\"@graph\":[{\"@type\":\"WebPage\",\"@id\":\"https:\/\/www.latemarblick.com\/privacy\/\",\"url\":\"https:\/\/www.latemarblick.com\/privacy\/\",\"name\":\"Privacy - Appartment Latemarblick\",\"isPartOf\":{\"@id\":\"https:\/\/www.latemarblick.com\/#website\"},\"datePublished\":\"2024-11-27T09:47:32+00:00\",\"dateModified\":\"2024-11-28T08:42:52+00:00\",\"breadcrumb\":{\"@id\":\"https:\/\/www.latemarblick.com\/privacy\/#breadcrumb\"},\"inLanguage\":\"de\",\"potentialAction\":[{\"@type\":\"ReadAction\",\"target\":[\"https:\/\/www.latemarblick.com\/privacy\/\"]}]},{\"@type\":\"BreadcrumbList\",\"@id\":\"https:\/\/www.latemarblick.com\/privacy\/#breadcrumb\",\"itemListElement\":[{\"@type\":\"ListItem\",\"position\":1,\"name\":\"Startseite\",\"item\":\"https:\/\/www.latemarblick.com\/\"},{\"@type\":\"ListItem\",\"position\":2,\"name\":\"Privacy\"}]},{\"@type\":\"WebSite\",\"@id\":\"https:\/\/www.latemarblick.com\/#website\",\"url\":\"https:\/\/www.latemarblick.com\/\",\"name\":\"Appartment Latemarblick\",\"description\":\"\",\"potentialAction\":[{\"@type\":\"SearchAction\",\"target\":{\"@type\":\"EntryPoint\",\"urlTemplate\":\"https:\/\/www.latemarblick.com\/?s={search_term_string}\"},\"query-input\":{\"@type\":\"PropertyValueSpecification\",\"valueRequired\":true,\"valueName\":\"search_term_string\"}}],\"inLanguage\":\"de\"}]}<\/script>\n<!-- \/ Yoast SEO plugin. -->","yoast_head_json":{"title":"Privacy - Appartment Latemarblick","robots":{"index":"index","follow":"follow","max-snippet":"max-snippet:-1","max-image-preview":"max-image-preview:large","max-video-preview":"max-video-preview:-1"},"canonical":"https:\/\/www.latemarblick.com\/de\/privacy\/","og_locale":"de_DE","og_type":"article","og_title":"Privacy - Appartment Latemarblick","og_description":"Privacy Policy This Privacy Policy describes the policies of Latemarblick, Via Careyya 42B, Bolzano 39056, Italy, email: info@latemarblick.com, phone: +393498240634 on the collection, use and disclosure of your information that we collect when you use our website ( https:\/\/www.latemarblick.com ). (the \u201cService\u201d). By accessing or using the Service, you are consenting to the collection, use [&hellip;]","og_url":"https:\/\/www.latemarblick.com\/de\/privacy\/","og_site_name":"Appartment Latemarblick","article_modified_time":"2024-11-28T08:42:52+00:00","twitter_card":"summary_large_image","twitter_misc":{"Gesch\u00e4tzte Lesezeit":"4\u00a0Minuten"},"schema":{"@context":"https:\/\/schema.org","@graph":[{"@type":"WebPage","@id":"https:\/\/www.latemarblick.com\/privacy\/","url":"https:\/\/www.latemarblick.com\/privacy\/","name":"Privacy - Appartment Latemarblick","isPartOf":{"@id":"https:\/\/www.latemarblick.com\/#website"},"datePublished":"2024-11-27T09:47:32+00:00","dateModified":"2024-11-28T08:42:52+00:00","breadcrumb":{"@id":"https:\/\/www.latemarblick.com\/privacy\/#breadcrumb"},"inLanguage":"de","potentialAction":[{"@type":"ReadAction","target":["https:\/\/www.latemarblick.com\/privacy\/"]}]},{"@type":"BreadcrumbList","@id":"https:\/\/www.latemarblick.com\/privacy\/#breadcrumb","itemListElement":[{"@type":"ListItem","position":1,"name":"Startseite","item":"https:\/\/www.latemarblick.com\/"},{"@type":"ListItem","position":2,"name":"Privacy"}]},{"@type":"WebSite","@id":"https:\/\/www.latemarblick.com\/#website","url":"https:\/\/www.latemarblick.com\/","name":"Appartment Latemarblick","description":"","potentialAction":[{"@type":"SearchAction","target":{"@type":"EntryPoint","urlTemplate":"https:\/\/www.latemarblick.com\/?s={search_term_string}"},"query-input":{"@type":"PropertyValueSpecification","valueRequired":true,"valueName":"search_term_string"}}],"inLanguage":"de"}]}},"jetpack_sharing_enabled":true,"_links":{"self":[{"href":"https:\/\/www.latemarblick.com\/de\/wp-json\/wp\/v2\/pages\/16949","targetHints":{"allow":["GET"]}}],"collection":[{"href":"https:\/\/www.latemarblick.com\/de\/wp-json\/wp\/v2\/pages"}],"about":[{"href":"https:\/\/www.latemarblick.com\/de\/wp-json\/wp\/v2\/types\/page"}],"author":[{"embeddable":true,"href":"https:\/\/www.latemarblick.com\/de\/wp-json\/wp\/v2\/users\/1"}],"replies":[{"embeddable":true,"href":"https:\/\/www.latemarblick.com\/de\/wp-json\/wp\/v2\/comments?post=16949"}],"version-history":[{"count":8,"href":"https:\/\/www.latemarblick.com\/de\/wp-json\/wp\/v2\/pages\/16949\/revisions"}],"predecessor-version":[{"id":16971,"href":"https:\/\/www.latemarblick.com\/de\/wp-json\/wp\/v2\/pages\/16949\/revisions\/16971"}],"wp:attachment":[{"href":"https:\/\/www.latemarblick.com\/de\/wp-json\/wp\/v2\/media?parent=16949"}],"curies":[{"name":"wp","href":"https:\/\/api.w.org\/{rel}","templated":true}]}}